{"id":610,"date":"2018-01-18T18:36:50","date_gmt":"2018-01-18T18:36:50","guid":{"rendered":"http:\/\/wp.plan21.org\/?page_id=610"},"modified":"2021-06-12T16:18:02","modified_gmt":"2021-06-12T16:18:02","slug":"plan21-consultores","status":"publish","type":"page","link":"https:\/\/plan21.org\/en\/plan21-consultores\/","title":{"rendered":"Plan21 Consultants"},"content":{"rendered":"<div data-elementor-type=\"wp-post\" data-elementor-id=\"610\" class=\"elementor elementor-610\">\n\t\t\t\t\t\t<section class=\"elementor-section elementor-top-section elementor-element elementor-element-c68067d elementor-section-full_width elementor-section-height-default elementor-section-height-default\" data-id=\"c68067d\" data-element_type=\"section\" data-settings=\"{&quot;background_background&quot;:&quot;classic&quot;}\">\n\t\t\t\t\t\t<div class=\"elementor-container elementor-column-gap-default\">\n\t\t\t\t\t<div class=\"elementor-column elementor-col-100 elementor-top-column elementor-element elementor-element-298b19a\" data-id=\"298b19a\" data-element_type=\"column\">\n\t\t\t<div class=\"elementor-widget-wrap elementor-element-populated\">\n\t\t\t\t\t\t<div class=\"elementor-element elementor-element-9e3dece elementor-widget elementor-widget-heading\" data-id=\"9e3dece\" data-element_type=\"widget\" data-widget_type=\"heading.default\">\n\t\t\t\t<div class=\"elementor-widget-container\">\n\t\t\t<h1 class=\"elementor-heading-title elementor-size-small\">We are<\/h1>\t\t<\/div>\n\t\t\t\t<\/div>\n\t\t\t\t<div class=\"elementor-element elementor-element-8108126 elementor-widget elementor-widget-text-editor\" data-id=\"8108126\" data-element_type=\"widget\" data-widget_type=\"text-editor.default\">\n\t\t\t\t<div class=\"elementor-widget-container\">\n\t\t\t\t\t\t\t<p>Somos un equipo de consultores especializados en Desarrollo Humano Sostenible, trabajando junto a profesionales de diferentes pa\u00edses, en proyectos de cooperaci\u00f3n internacional y en asesoramiento a pa\u00edses, regiones y el sector privado en temas tales como Turismo Sostenible, Cambio Clim\u00e1tico, Gesti\u00f3n de Areas Protegidas y Certificaci\u00f3n de Sostenibilidad:<\/p>\t\t\t\t\t\t<\/div>\n\t\t\t\t<\/div>\n\t\t\t\t\t<\/div>\n\t\t<\/div>\n\t\t\t\t\t<\/div>\n\t\t<\/section>\n\t\t\t\t<section class=\"elementor-section elementor-top-section elementor-element elementor-element-af9aa05 elementor-section-content-middle elementor-section-boxed elementor-section-height-default elementor-section-height-default elementor-invisible\" data-id=\"af9aa05\" data-element_type=\"section\" data-settings=\"{&quot;animation&quot;:&quot;fadeInDown&quot;}\">\n\t\t\t\t\t\t<div class=\"elementor-container elementor-column-gap-default\">\n\t\t\t\t\t<div class=\"elementor-column elementor-col-50 elementor-top-column elementor-element elementor-element-42a16702\" data-id=\"42a16702\" data-element_type=\"column\">\n\t\t\t<div class=\"elementor-widget-wrap elementor-element-populated\">\n\t\t\t\t\t\t<div class=\"elementor-element elementor-element-59e31a9f elementor-widget elementor-widget-heading\" data-id=\"59e31a9f\" data-element_type=\"widget\" data-widget_type=\"heading.default\">\n\t\t\t\t<div class=\"elementor-widget-container\">\n\t\t\t<h3 class=\"elementor-heading-title elementor-size-large\">Strategic Alliances<\/h3>\t\t<\/div>\n\t\t\t\t<\/div>\n\t\t\t\t<div class=\"elementor-element elementor-element-756f203a elementor-widget elementor-widget-text-editor\" data-id=\"756f203a\" data-element_type=\"widget\" data-widget_type=\"text-editor.default\">\n\t\t\t\t<div class=\"elementor-widget-container\">\n\t\t\t\t\t\t\t<p>To carry out our regional strategy, we have established ties with other organizations such as\u00a0<span style=\"font-family: Muli, sans-serif; font-size: 15px; font-style: normal; font-weight: 400;\">the Latin American Rural Tourism Association,<\/span><span style=\"font-size: 15px;\">\u00a0<\/span><a href=\"https:\/\/planet4people.com\/\" target=\"_blank\" rel=\"noopener\">Planet4People<\/a><span style=\"font-size: 15px;\">\u00a0de EEUU,\u00a0<\/span><a href=\"http:\/\/www.cydcertified.com\/\" target=\"_blank\" rel=\"noopener\">CyD Certified<\/a><span style=\"font-size: 15px;\">\u00a0de Ecuador y No Es Utop\u00eda de Espa\u00f1a.<\/span><\/p>\t\t\t\t\t\t<\/div>\n\t\t\t\t<\/div>\n\t\t\t\t\t<\/div>\n\t\t<\/div>\n\t\t\t\t<div class=\"elementor-column elementor-col-50 elementor-top-column elementor-element elementor-element-18d07c7c\" data-id=\"18d07c7c\" data-element_type=\"column\">\n\t\t\t<div class=\"elementor-widget-wrap elementor-element-populated\">\n\t\t\t\t\t\t<div class=\"elementor-element elementor-element-3095be53 elementor-widget elementor-widget-image\" data-id=\"3095be53\" data-element_type=\"widget\" data-widget_type=\"image.default\">\n\t\t\t\t<div class=\"elementor-widget-container\">\n\t\t\t\t\t\t\t\t\t\t\t\t\t<img decoding=\"async\" data-src=\"https:\/\/plan21.org\/wp-content\/uploads\/elementor\/thumbs\/aliados-ConsultoresCC-on70l3z541vdcduni4jj25mtpwa8lifoqj8c47xin4.png\" title=\"aliados ConsultoresCC\" alt=\"aliados ConsultoresCC\" loading=\"lazy\" src=\"data:image\/gif;base64,R0lGODlhAQABAAAAACH5BAEKAAEALAAAAAABAAEAAAICTAEAOw==\" class=\"lazyload\" style=\"--smush-placeholder-width: 400px; --smush-placeholder-aspect-ratio: 400\/400;\" \/><noscript><img decoding=\"async\" src=\"https:\/\/plan21.org\/wp-content\/uploads\/elementor\/thumbs\/aliados-ConsultoresCC-on70l3z541vdcduni4jj25mtpwa8lifoqj8c47xin4.png\" title=\"aliados ConsultoresCC\" alt=\"aliados ConsultoresCC\" loading=\"lazy\" \/><\/noscript>\t\t\t\t\t\t\t\t\t\t\t\t\t<\/div>\n\t\t\t\t<\/div>\n\t\t\t\t\t<\/div>\n\t\t<\/div>\n\t\t\t\t\t<\/div>\n\t\t<\/section>\n\t\t\t\t<section class=\"elementor-section elementor-top-section elementor-element elementor-element-ce19d77 elementor-section-content-middle elementor-reverse-mobile elementor-section-boxed elementor-section-height-default elementor-section-height-default elementor-invisible\" data-id=\"ce19d77\" data-element_type=\"section\" data-settings=\"{&quot;animation&quot;:&quot;fadeInDown&quot;}\">\n\t\t\t\t\t\t<div class=\"elementor-container elementor-column-gap-default\">\n\t\t\t\t\t<div class=\"elementor-column elementor-col-50 elementor-top-column elementor-element elementor-element-e182015\" data-id=\"e182015\" data-element_type=\"column\">\n\t\t\t<div class=\"elementor-widget-wrap elementor-element-populated\">\n\t\t\t\t\t\t<div class=\"elementor-element elementor-element-79c906a elementor-widget elementor-widget-image\" data-id=\"79c906a\" data-element_type=\"widget\" data-widget_type=\"image.default\">\n\t\t\t\t<div class=\"elementor-widget-container\">\n\t\t\t\t\t\t\t\t\t\t\t\t\t<img fetchpriority=\"high\" decoding=\"async\" width=\"358\" height=\"300\" src=\"https:\/\/plan21.org\/wp-content\/uploads\/2018\/10\/Consultoria-OMM-e1568903684746.jpg\" class=\"attachment-full size-full wp-image-812\" alt=\"\" \/>\t\t\t\t\t\t\t\t\t\t\t\t\t<\/div>\n\t\t\t\t<\/div>\n\t\t\t\t\t<\/div>\n\t\t<\/div>\n\t\t\t\t<div class=\"elementor-column elementor-col-50 elementor-top-column elementor-element elementor-element-d660f09\" data-id=\"d660f09\" data-element_type=\"column\">\n\t\t\t<div class=\"elementor-widget-wrap elementor-element-populated\">\n\t\t\t\t\t\t<div class=\"elementor-element elementor-element-6c6df78 elementor-widget elementor-widget-heading\" data-id=\"6c6df78\" data-element_type=\"widget\" data-widget_type=\"heading.default\">\n\t\t\t\t<div class=\"elementor-widget-container\">\n\t\t\t<h3 class=\"elementor-heading-title elementor-size-large\">Consulting<\/h3>\t\t<\/div>\n\t\t\t\t<\/div>\n\t\t\t\t<div class=\"elementor-element elementor-element-88d5086 elementor-widget elementor-widget-text-editor\" data-id=\"88d5086\" data-element_type=\"widget\" data-widget_type=\"text-editor.default\">\n\t\t\t\t<div class=\"elementor-widget-container\">\n\t\t\t\t\t\t\t<p>Over several years we have developed consulting tasks for the Inter-American Development Bank, the Federal Investment Council, the Government of Costa Rica and the Mundo Maya Organization, among others.<\/p><p>\u00a0<\/p>\t\t\t\t\t\t<\/div>\n\t\t\t\t<\/div>\n\t\t\t\t\t<\/div>\n\t\t<\/div>\n\t\t\t\t\t<\/div>\n\t\t<\/section>\n\t\t\t\t<section class=\"elementor-section elementor-top-section elementor-element elementor-element-45d527c0 elementor-section-content-middle elementor-section-boxed elementor-section-height-default elementor-section-height-default elementor-invisible\" data-id=\"45d527c0\" data-element_type=\"section\" data-settings=\"{&quot;background_background&quot;:&quot;classic&quot;,&quot;animation&quot;:&quot;fadeInDown&quot;}\">\n\t\t\t\t\t\t<div class=\"elementor-container elementor-column-gap-default\">\n\t\t\t\t\t<div class=\"elementor-column elementor-col-100 elementor-top-column elementor-element elementor-element-68b72537\" data-id=\"68b72537\" data-element_type=\"column\">\n\t\t\t<div class=\"elementor-widget-wrap elementor-element-populated\">\n\t\t\t\t\t\t<div class=\"elementor-element elementor-element-dc8c60a elementor-widget elementor-widget-spacer\" data-id=\"dc8c60a\" data-element_type=\"widget\" data-widget_type=\"spacer.default\">\n\t\t\t\t<div class=\"elementor-widget-container\">\n\t\t\t\t\t<div class=\"elementor-spacer\">\n\t\t\t<div class=\"elementor-spacer-inner\"><\/div>\n\t\t<\/div>\n\t\t\t\t<\/div>\n\t\t\t\t<\/div>\n\t\t\t\t<div class=\"elementor-element elementor-element-150680f6 elementor-widget elementor-widget-heading\" data-id=\"150680f6\" data-element_type=\"widget\" data-widget_type=\"heading.default\">\n\t\t\t\t<div class=\"elementor-widget-container\">\n\t\t\t<h3 class=\"elementor-heading-title elementor-size-large\">Own tools<\/h3>\t\t<\/div>\n\t\t\t\t<\/div>\n\t\t\t\t<div class=\"elementor-element elementor-element-515471f5 elementor-widget elementor-widget-text-editor\" data-id=\"515471f5\" data-element_type=\"widget\" data-widget_type=\"text-editor.default\">\n\t\t\t\t<div class=\"elementor-widget-container\">\n\t\t\t\t\t\t\t<p>At Plan21 we have developed a tool to diagnose the state of ecotourism development processes in Latin America and the Caribbean, which allows us to develop a baseline for sustainable planning.<\/p>\t\t\t\t\t\t<\/div>\n\t\t\t\t<\/div>\n\t\t\t\t<div class=\"elementor-element elementor-element-a74509d elementor-widget elementor-widget-image\" data-id=\"a74509d\" data-element_type=\"widget\" data-widget_type=\"image.default\">\n\t\t\t\t<div class=\"elementor-widget-container\">\n\t\t\t\t\t\t\t\t\t\t\t\t\t\t<a href=\"https:\/\/plan21.org\/wp-content\/uploads\/2019\/09\/ecoturismo-principios-imagen.jpg\" data-elementor-open-lightbox=\"yes\" data-elementor-lightbox-title=\"ecoturismo principios imagen\" data-e-action-hash=\"#elementor-action%3Aaction%3Dlightbox%26settings%3DeyJpZCI6MTIwNCwidXJsIjoiaHR0cHM6XC9cL3BsYW4yMS5vcmdcL3dwLWNvbnRlbnRcL3VwbG9hZHNcLzIwMTlcLzA5XC9lY290dXJpc21vLXByaW5jaXBpb3MtaW1hZ2VuLmpwZyJ9\">\n\t\t\t\t\t\t\t<img decoding=\"async\" width=\"750\" height=\"750\" data-src=\"https:\/\/plan21.org\/wp-content\/uploads\/2019\/09\/ecoturismo-principios-imagen-1024x1024.jpg\" class=\"attachment-large size-large wp-image-1204 lazyload\" alt=\"\" data-srcset=\"https:\/\/plan21.org\/wp-content\/uploads\/2019\/09\/ecoturismo-principios-imagen-1024x1024.jpg 1024w, https:\/\/plan21.org\/wp-content\/uploads\/2019\/09\/ecoturismo-principios-imagen-100x100.jpg 100w, https:\/\/plan21.org\/wp-content\/uploads\/2019\/09\/ecoturismo-principios-imagen-300x300.jpg 300w, https:\/\/plan21.org\/wp-content\/uploads\/2019\/09\/ecoturismo-principios-imagen-768x768.jpg 768w, https:\/\/plan21.org\/wp-content\/uploads\/2019\/09\/ecoturismo-principios-imagen-180x180.jpg 180w, https:\/\/plan21.org\/wp-content\/uploads\/2019\/09\/ecoturismo-principios-imagen-600x600.jpg 600w, https:\/\/plan21.org\/wp-content\/uploads\/2019\/09\/ecoturismo-principios-imagen-570x570.jpg 570w, https:\/\/plan21.org\/wp-content\/uploads\/2019\/09\/ecoturismo-principios-imagen-380x380.jpg 380w, https:\/\/plan21.org\/wp-content\/uploads\/2019\/09\/ecoturismo-principios-imagen-285x285.jpg 285w\" data-sizes=\"(max-width: 750px) 100vw, 750px\" src=\"data:image\/gif;base64,R0lGODlhAQABAAAAACH5BAEKAAEALAAAAAABAAEAAAICTAEAOw==\" style=\"--smush-placeholder-width: 750px; --smush-placeholder-aspect-ratio: 750\/750;\" \/><noscript><img decoding=\"async\" width=\"750\" height=\"750\" src=\"https:\/\/plan21.org\/wp-content\/uploads\/2019\/09\/ecoturismo-principios-imagen-1024x1024.jpg\" class=\"attachment-large size-large wp-image-1204\" alt=\"\" srcset=\"https:\/\/plan21.org\/wp-content\/uploads\/2019\/09\/ecoturismo-principios-imagen-1024x1024.jpg 1024w, https:\/\/plan21.org\/wp-content\/uploads\/2019\/09\/ecoturismo-principios-imagen-100x100.jpg 100w, https:\/\/plan21.org\/wp-content\/uploads\/2019\/09\/ecoturismo-principios-imagen-300x300.jpg 300w, https:\/\/plan21.org\/wp-content\/uploads\/2019\/09\/ecoturismo-principios-imagen-768x768.jpg 768w, https:\/\/plan21.org\/wp-content\/uploads\/2019\/09\/ecoturismo-principios-imagen-180x180.jpg 180w, https:\/\/plan21.org\/wp-content\/uploads\/2019\/09\/ecoturismo-principios-imagen-600x600.jpg 600w, https:\/\/plan21.org\/wp-content\/uploads\/2019\/09\/ecoturismo-principios-imagen-570x570.jpg 570w, https:\/\/plan21.org\/wp-content\/uploads\/2019\/09\/ecoturismo-principios-imagen-380x380.jpg 380w, https:\/\/plan21.org\/wp-content\/uploads\/2019\/09\/ecoturismo-principios-imagen-285x285.jpg 285w\" sizes=\"(max-width: 750px) 100vw, 750px\" \/><\/noscript>\t\t\t\t\t\t\t\t<\/a>\n\t\t\t\t\t\t\t\t\t\t\t\t\t<\/div>\n\t\t\t\t<\/div>\n\t\t\t\t\t<\/div>\n\t\t<\/div>\n\t\t\t\t\t<\/div>\n\t\t<\/section>\n\t\t\t\t<\/div>","protected":false},"excerpt":{"rendered":"<p>Somos Somos un equipo de consultores especializados en Desarrollo Humano Sostenible, trabajando junto a profesionales de diferentes pa\u00edses, en proyectos de cooperaci\u00f3n internacional y en asesoramiento a pa\u00edses, regiones y el sector privado en temas tales como Turismo Sostenible, Cambio Clim\u00e1tico, Gesti\u00f3n de Areas Protegidas y Certificaci\u00f3n de Sostenibilidad: Alianzas [&hellip;]<\/p>","protected":false},"author":1,"featured_media":1232,"parent":0,"menu_order":0,"comment_status":"closed","ping_status":"closed","template":"page-templates\/template-fullwidth.php","meta":{"footnotes":""},"_links":{"self":[{"href":"https:\/\/plan21.org\/en\/wp-json\/wp\/v2\/pages\/610"}],"collection":[{"href":"https:\/\/plan21.org\/en\/wp-json\/wp\/v2\/pages"}],"about":[{"href":"https:\/\/plan21.org\/en\/wp-json\/wp\/v2\/types\/page"}],"author":[{"embeddable":true,"href":"https:\/\/plan21.org\/en\/wp-json\/wp\/v2\/users\/1"}],"replies":[{"embeddable":true,"href":"https:\/\/plan21.org\/en\/wp-json\/wp\/v2\/comments?post=610"}],"version-history":[{"count":21,"href":"https:\/\/plan21.org\/en\/wp-json\/wp\/v2\/pages\/610\/revisions"}],"predecessor-version":[{"id":2833,"href":"https:\/\/plan21.org\/en\/wp-json\/wp\/v2\/pages\/610\/revisions\/2833"}],"wp:featuredmedia":[{"embeddable":true,"href":"https:\/\/plan21.org\/en\/wp-json\/wp\/v2\/media\/1232"}],"wp:attachment":[{"href":"https:\/\/plan21.org\/en\/wp-json\/wp\/v2\/media?parent=610"}],"curies":[{"name":"wp","href":"https:\/\/api.w.org\/{rel}","templated":true}]}}