{"id":593,"date":"2018-01-18T17:40:50","date_gmt":"2018-01-18T17:40:50","guid":{"rendered":"http:\/\/wp.plan21.org\/?page_id=593"},"modified":"2020-12-12T16:56:17","modified_gmt":"2020-12-12T16:56:17","slug":"escuela","status":"publish","type":"page","link":"https:\/\/plan21.org\/en\/escuela\/","title":{"rendered":"Escuela para el Desarrollo"},"content":{"rendered":"<h3>Escuela para el Desarrollo<\/h3>\n<p>Nuestra iniciativa para aprender como hacer desarrollo humano sostenible a trav\u00e9s de capacitaciones, talleres y participaci\u00f3n en eventos nacionales e internacionales<\/p>\n<p><img fetchpriority=\"high\" decoding=\"async\" width=\"598\" height=\"542\" src=\"http:\/\/wp.plan21.org\/wp-content\/uploads\/2019\/08\/logo-escuela1.jpg\" alt=\"\" srcset=\"http:\/\/wp.plan21.org\/wp-content\/uploads\/2019\/08\/logo-escuela1.jpg 598w, http:\/\/wp.plan21.org\/wp-content\/uploads\/2019\/08\/logo-escuela1-300x272.jpg 300w\" sizes=\"(max-width: 598px) 100vw, 598px\"><br \/>\n<img decoding=\"async\" width=\"960\" height=\"520\" data-src=\"http:\/\/wp.plan21.org\/wp-content\/uploads\/2019\/08\/1535673_10153096582959545_1917058867208535465_n.jpg\" alt=\"\" data-srcset=\"http:\/\/wp.plan21.org\/wp-content\/uploads\/2019\/08\/1535673_10153096582959545_1917058867208535465_n.jpg 960w, http:\/\/wp.plan21.org\/wp-content\/uploads\/2019\/08\/1535673_10153096582959545_1917058867208535465_n-300x163.jpg 300w, http:\/\/wp.plan21.org\/wp-content\/uploads\/2019\/08\/1535673_10153096582959545_1917058867208535465_n-768x416.jpg 768w\" data-sizes=\"(max-width: 960px) 100vw, 960px\" src=\"data:image\/gif;base64,R0lGODlhAQABAAAAACH5BAEKAAEALAAAAAABAAEAAAICTAEAOw==\" class=\"lazyload\" style=\"--smush-placeholder-width: 960px; --smush-placeholder-aspect-ratio: 960\/520;\"><noscript><img decoding=\"async\" width=\"960\" height=\"520\" src=\"http:\/\/wp.plan21.org\/wp-content\/uploads\/2019\/08\/1535673_10153096582959545_1917058867208535465_n.jpg\" alt=\"\" srcset=\"http:\/\/wp.plan21.org\/wp-content\/uploads\/2019\/08\/1535673_10153096582959545_1917058867208535465_n.jpg 960w, http:\/\/wp.plan21.org\/wp-content\/uploads\/2019\/08\/1535673_10153096582959545_1917058867208535465_n-300x163.jpg 300w, http:\/\/wp.plan21.org\/wp-content\/uploads\/2019\/08\/1535673_10153096582959545_1917058867208535465_n-768x416.jpg 768w\" sizes=\"(max-width: 960px) 100vw, 960px\"><\/noscript><\/p>\n<h3>Ecofinca El Refugio<\/h3>\n<p>Espacio de experimentaci\u00f3n para la sostenibilidad en la Provincia de Buenos Aires<\/p>","protected":false},"excerpt":{"rendered":"<p>Escuela para el Desarrollo Nuestra iniciativa para aprender como hacer desarrollo humano sostenible a trav\u00e9s de capacitaciones, talleres y participaci\u00f3n en eventos nacionales e internacionales Ecofinca El Refugio Espacio de experimentaci\u00f3n para la sostenibilidad en la Provincia de Buenos Aires<\/p>","protected":false},"author":1,"featured_media":1063,"parent":0,"menu_order":0,"comment_status":"closed","ping_status":"closed","template":"","meta":{"footnotes":""},"_links":{"self":[{"href":"https:\/\/plan21.org\/en\/wp-json\/wp\/v2\/pages\/593"}],"collection":[{"href":"https:\/\/plan21.org\/en\/wp-json\/wp\/v2\/pages"}],"about":[{"href":"https:\/\/plan21.org\/en\/wp-json\/wp\/v2\/types\/page"}],"author":[{"embeddable":true,"href":"https:\/\/plan21.org\/en\/wp-json\/wp\/v2\/users\/1"}],"replies":[{"embeddable":true,"href":"https:\/\/plan21.org\/en\/wp-json\/wp\/v2\/comments?post=593"}],"version-history":[{"count":6,"href":"https:\/\/plan21.org\/en\/wp-json\/wp\/v2\/pages\/593\/revisions"}],"predecessor-version":[{"id":1373,"href":"https:\/\/plan21.org\/en\/wp-json\/wp\/v2\/pages\/593\/revisions\/1373"}],"wp:featuredmedia":[{"embeddable":true,"href":"https:\/\/plan21.org\/en\/wp-json\/wp\/v2\/media\/1063"}],"wp:attachment":[{"href":"https:\/\/plan21.org\/en\/wp-json\/wp\/v2\/media?parent=593"}],"curies":[{"name":"wp","href":"https:\/\/api.w.org\/{rel}","templated":true}]}}