{"id":3248,"date":"2024-08-22T15:01:12","date_gmt":"2024-08-22T15:01:12","guid":{"rendered":"https:\/\/plan21.org\/?page_id=3248"},"modified":"2025-09-29T16:39:17","modified_gmt":"2025-09-29T16:39:17","slug":"premios-atahualpa","status":"publish","type":"page","link":"https:\/\/plan21.org\/en\/premios-atahualpa\/","title":{"rendered":"Premios Atahualpa Yupanqui"},"content":{"rendered":"<div data-elementor-type=\"wp-page\" data-elementor-id=\"3248\" class=\"elementor elementor-3248\">\n\t\t\t\t\t\t<section class=\"elementor-section elementor-top-section elementor-element elementor-element-14ac6d93 elementor-section-boxed elementor-section-height-default elementor-section-height-default elementor-invisible\" data-id=\"14ac6d93\" data-element_type=\"section\" data-settings=\"{&quot;background_background&quot;:&quot;classic&quot;,&quot;animation&quot;:&quot;fadeInDown&quot;}\">\n\t\t\t\t\t\t<div class=\"elementor-container elementor-column-gap-default\">\n\t\t\t\t\t<div class=\"elementor-column elementor-col-100 elementor-top-column elementor-element elementor-element-6b3e8bec\" data-id=\"6b3e8bec\" data-element_type=\"column\">\n\t\t\t<div class=\"elementor-widget-wrap elementor-element-populated\">\n\t\t\t\t\t\t<div class=\"elementor-element elementor-element-2f0a5a0a elementor-widget elementor-widget-heading\" data-id=\"2f0a5a0a\" data-element_type=\"widget\" data-widget_type=\"heading.default\">\n\t\t\t\t<div class=\"elementor-widget-container\">\n\t\t\t<h1 class=\"elementor-heading-title elementor-size-large\">Protectores de la Naturaleza<br>2025<\/h1>\t\t<\/div>\n\t\t\t\t<\/div>\n\t\t\t\t<div class=\"elementor-element elementor-element-4c06d63 elementor-widget elementor-widget-text-editor\" data-id=\"4c06d63\" data-element_type=\"widget\" data-widget_type=\"text-editor.default\">\n\t\t\t\t<div class=\"elementor-widget-container\">\n\t\t\t\t\t\t\t<p>Convocamos a la presentaci\u00f3n de propuestas para premiar a aquellos individuos, empresas u organizaciones de la sociedad civil, de la Rep\u00fablica Argentina, que demuestren su compromiso con la preservaci\u00f3n del entorno natural de los Esteros del Iber\u00e1, a trav\u00e9s de acciones concretas.<\/p><p><i><span style=\"font-weight: 400;\">\u00a0<\/span><\/i><\/p>\t\t\t\t\t\t<\/div>\n\t\t\t\t<\/div>\n\t\t\t\t<div class=\"elementor-element elementor-element-fbd1883 elementor-widget elementor-widget-text-editor\" data-id=\"fbd1883\" data-element_type=\"widget\" data-widget_type=\"text-editor.default\">\n\t\t\t\t<div class=\"elementor-widget-container\">\n\t\t\t\t\t\t\t<div><p><a href=\"https:\/\/docs.google.com\/document\/d\/1al-C5OGsmBwz1E94na-Ct6R_s4VXt0QcA8h7o1YKWOQ\/edit?usp=sharing\"><span style=\"font-weight: 400;\">Bases y Condiciones<\/span><\/a><\/p><\/div>\t\t\t\t\t\t<\/div>\n\t\t\t\t<\/div>\n\t\t\t\t<div class=\"elementor-element elementor-element-585cb3a elementor-widget elementor-widget-text-editor\" data-id=\"585cb3a\" data-element_type=\"widget\" data-widget_type=\"text-editor.default\">\n\t\t\t\t<div class=\"elementor-widget-container\">\n\t\t\t\t\t\t\t<p><a href=\"https:\/\/forms.gle\/H6tPdb8YfHKfQJys8\">Formulario de Aplicaci\u00f3n<\/a><\/p>\t\t\t\t\t\t<\/div>\n\t\t\t\t<\/div>\n\t\t\t\t\t<\/div>\n\t\t<\/div>\n\t\t\t\t\t<\/div>\n\t\t<\/section>\n\t\t\t\t<section class=\"elementor-section elementor-top-section elementor-element elementor-element-713123e elementor-section-boxed elementor-section-height-default elementor-section-height-default\" data-id=\"713123e\" data-element_type=\"section\">\n\t\t\t\t\t\t<div class=\"elementor-container elementor-column-gap-default\">\n\t\t\t\t\t<div class=\"elementor-column elementor-col-100 elementor-top-column elementor-element elementor-element-6244a5b\" data-id=\"6244a5b\" data-element_type=\"column\">\n\t\t\t<div class=\"elementor-widget-wrap elementor-element-populated\">\n\t\t\t\t\t\t\t<\/div>\n\t\t<\/div>\n\t\t\t\t\t<\/div>\n\t\t<\/section>\n\t\t\t\t<section class=\"elementor-section elementor-top-section elementor-element elementor-element-757e013 elementor-section-boxed elementor-section-height-default elementor-section-height-default\" data-id=\"757e013\" data-element_type=\"section\">\n\t\t\t\t\t\t<div class=\"elementor-container elementor-column-gap-default\">\n\t\t\t\t\t<div class=\"elementor-column elementor-col-100 elementor-top-column elementor-element elementor-element-6a110f2\" data-id=\"6a110f2\" data-element_type=\"column\">\n\t\t\t<div class=\"elementor-widget-wrap elementor-element-populated\">\n\t\t\t\t\t\t<div class=\"elementor-element elementor-element-f4fd33d elementor-widget elementor-widget-heading\" data-id=\"f4fd33d\" data-element_type=\"widget\" data-widget_type=\"heading.default\">\n\t\t\t\t<div class=\"elementor-widget-container\">\n\t\t\t<h2 class=\"elementor-heading-title elementor-size-default\">Organizadores<\/h2>\t\t<\/div>\n\t\t\t\t<\/div>\n\t\t\t\t\t<\/div>\n\t\t<\/div>\n\t\t\t\t\t<\/div>\n\t\t<\/section>\n\t\t\t\t<section class=\"elementor-section elementor-top-section elementor-element elementor-element-7186162 elementor-section-boxed elementor-section-height-default elementor-section-height-default\" data-id=\"7186162\" data-element_type=\"section\">\n\t\t\t\t\t\t<div class=\"elementor-container elementor-column-gap-default\">\n\t\t\t\t\t<div class=\"elementor-column elementor-col-50 elementor-top-column elementor-element elementor-element-67b5e23\" data-id=\"67b5e23\" data-element_type=\"column\">\n\t\t\t<div class=\"elementor-widget-wrap elementor-element-populated\">\n\t\t\t\t\t\t<div class=\"elementor-element elementor-element-7ebcd94 elementor-widget elementor-widget-image\" data-id=\"7ebcd94\" data-element_type=\"widget\" data-widget_type=\"image.default\">\n\t\t\t\t<div class=\"elementor-widget-container\">\n\t\t\t\t\t\t\t\t\t\t\t\t\t<img fetchpriority=\"high\" decoding=\"async\" width=\"750\" height=\"399\" src=\"https:\/\/plan21.org\/wp-content\/uploads\/2024\/08\/Logo-HD-Diariod-del-Hotelero-768x409.png\" class=\"attachment-medium_large size-medium_large wp-image-3267\" alt=\"\" srcset=\"https:\/\/plan21.org\/wp-content\/uploads\/2024\/08\/Logo-HD-Diariod-del-Hotelero-768x409.png 768w, https:\/\/plan21.org\/wp-content\/uploads\/2024\/08\/Logo-HD-Diariod-del-Hotelero-300x160.png 300w, https:\/\/plan21.org\/wp-content\/uploads\/2024\/08\/Logo-HD-Diariod-del-Hotelero-1024x546.png 1024w, https:\/\/plan21.org\/wp-content\/uploads\/2024\/08\/Logo-HD-Diariod-del-Hotelero-18x10.png 18w, https:\/\/plan21.org\/wp-content\/uploads\/2024\/08\/Logo-HD-Diariod-del-Hotelero.png 1370w\" sizes=\"(max-width: 750px) 100vw, 750px\" \/>\t\t\t\t\t\t\t\t\t\t\t\t\t<\/div>\n\t\t\t\t<\/div>\n\t\t\t\t\t<\/div>\n\t\t<\/div>\n\t\t\t\t<div class=\"elementor-column elementor-col-50 elementor-top-column elementor-element elementor-element-33a9fa8\" data-id=\"33a9fa8\" data-element_type=\"column\">\n\t\t\t<div class=\"elementor-widget-wrap elementor-element-populated\">\n\t\t\t\t\t\t<div class=\"elementor-element elementor-element-b9886c0 elementor-widget elementor-widget-image\" data-id=\"b9886c0\" data-element_type=\"widget\" data-widget_type=\"image.default\">\n\t\t\t\t<div class=\"elementor-widget-container\">\n\t\t\t\t\t\t\t\t\t\t\t\t\t<img decoding=\"async\" width=\"360\" height=\"240\" data-src=\"https:\/\/plan21.org\/wp-content\/uploads\/2020\/11\/cropped-La-historia-de-fundacion-plan21-360x240.png\" class=\"attachment-hestia-blog size-hestia-blog wp-image-3134 lazyload\" alt=\"\" src=\"data:image\/gif;base64,R0lGODlhAQABAAAAACH5BAEKAAEALAAAAAABAAEAAAICTAEAOw==\" style=\"--smush-placeholder-width: 360px; --smush-placeholder-aspect-ratio: 360\/240;\" \/><noscript><img decoding=\"async\" width=\"360\" height=\"240\" src=\"https:\/\/plan21.org\/wp-content\/uploads\/2020\/11\/cropped-La-historia-de-fundacion-plan21-360x240.png\" class=\"attachment-hestia-blog size-hestia-blog wp-image-3134\" alt=\"\" \/><\/noscript>\t\t\t\t\t\t\t\t\t\t\t\t\t<\/div>\n\t\t\t\t<\/div>\n\t\t\t\t\t<\/div>\n\t\t<\/div>\n\t\t\t\t\t<\/div>\n\t\t<\/section>\n\t\t\t\t<section class=\"elementor-section elementor-top-section elementor-element elementor-element-32604f5 elementor-section-boxed elementor-section-height-default elementor-section-height-default\" data-id=\"32604f5\" data-element_type=\"section\">\n\t\t\t\t\t\t<div class=\"elementor-container elementor-column-gap-default\">\n\t\t\t\t\t<div class=\"elementor-column elementor-col-100 elementor-top-column elementor-element elementor-element-f5c7f28\" data-id=\"f5c7f28\" data-element_type=\"column\">\n\t\t\t<div class=\"elementor-widget-wrap elementor-element-populated\">\n\t\t\t\t\t\t<div class=\"elementor-element elementor-element-bfa3c9a elementor-widget elementor-widget-heading\" data-id=\"bfa3c9a\" data-element_type=\"widget\" data-widget_type=\"heading.default\">\n\t\t\t\t<div class=\"elementor-widget-container\">\n\t\t\t<h2 class=\"elementor-heading-title elementor-size-default\">Instituci\u00f3n Honoraria<\/h2>\t\t<\/div>\n\t\t\t\t<\/div>\n\t\t\t\t\t<\/div>\n\t\t<\/div>\n\t\t\t\t\t<\/div>\n\t\t<\/section>\n\t\t\t\t<section class=\"elementor-section elementor-top-section elementor-element elementor-element-36e9199 elementor-section-boxed elementor-section-height-default elementor-section-height-default\" data-id=\"36e9199\" data-element_type=\"section\">\n\t\t\t\t\t\t<div class=\"elementor-container elementor-column-gap-default\">\n\t\t\t\t\t<div class=\"elementor-column elementor-col-100 elementor-top-column elementor-element elementor-element-db4a06a\" data-id=\"db4a06a\" data-element_type=\"column\">\n\t\t\t<div class=\"elementor-widget-wrap elementor-element-populated\">\n\t\t\t\t\t\t<div class=\"elementor-element elementor-element-d40be3c elementor-widget elementor-widget-image\" data-id=\"d40be3c\" data-element_type=\"widget\" data-widget_type=\"image.default\">\n\t\t\t\t<div class=\"elementor-widget-container\">\n\t\t\t\t\t\t\t\t\t\t\t\t\t<img decoding=\"async\" width=\"531\" height=\"224\" data-src=\"https:\/\/plan21.org\/wp-content\/uploads\/2024\/08\/WhatsApp-Image-2024-08-22-at-11.50.22.jpeg\" class=\"attachment-medium_large size-medium_large wp-image-3265 lazyload\" alt=\"\" data-srcset=\"https:\/\/plan21.org\/wp-content\/uploads\/2024\/08\/WhatsApp-Image-2024-08-22-at-11.50.22.jpeg 531w, https:\/\/plan21.org\/wp-content\/uploads\/2024\/08\/WhatsApp-Image-2024-08-22-at-11.50.22-300x127.jpeg 300w, https:\/\/plan21.org\/wp-content\/uploads\/2024\/08\/WhatsApp-Image-2024-08-22-at-11.50.22-18x8.jpeg 18w\" data-sizes=\"(max-width: 531px) 100vw, 531px\" src=\"data:image\/gif;base64,R0lGODlhAQABAAAAACH5BAEKAAEALAAAAAABAAEAAAICTAEAOw==\" style=\"--smush-placeholder-width: 531px; --smush-placeholder-aspect-ratio: 531\/224;\" \/><noscript><img decoding=\"async\" width=\"531\" height=\"224\" src=\"https:\/\/plan21.org\/wp-content\/uploads\/2024\/08\/WhatsApp-Image-2024-08-22-at-11.50.22.jpeg\" class=\"attachment-medium_large size-medium_large wp-image-3265\" alt=\"\" srcset=\"https:\/\/plan21.org\/wp-content\/uploads\/2024\/08\/WhatsApp-Image-2024-08-22-at-11.50.22.jpeg 531w, https:\/\/plan21.org\/wp-content\/uploads\/2024\/08\/WhatsApp-Image-2024-08-22-at-11.50.22-300x127.jpeg 300w, https:\/\/plan21.org\/wp-content\/uploads\/2024\/08\/WhatsApp-Image-2024-08-22-at-11.50.22-18x8.jpeg 18w\" sizes=\"(max-width: 531px) 100vw, 531px\" \/><\/noscript>\t\t\t\t\t\t\t\t\t\t\t\t\t<\/div>\n\t\t\t\t<\/div>\n\t\t\t\t\t<\/div>\n\t\t<\/div>\n\t\t\t\t\t<\/div>\n\t\t<\/section>\n\t\t\t\t<section class=\"elementor-section elementor-top-section elementor-element elementor-element-d64b020 elementor-section-boxed elementor-section-height-default elementor-section-height-default\" data-id=\"d64b020\" data-element_type=\"section\">\n\t\t\t\t\t\t<div class=\"elementor-container elementor-column-gap-default\">\n\t\t\t\t\t<div class=\"elementor-column elementor-col-100 elementor-top-column elementor-element elementor-element-3a666ab\" data-id=\"3a666ab\" data-element_type=\"column\">\n\t\t\t<div class=\"elementor-widget-wrap\">\n\t\t\t\t\t\t\t<\/div>\n\t\t<\/div>\n\t\t\t\t\t<\/div>\n\t\t<\/section>\n\t\t\t\t<\/div>","protected":false},"excerpt":{"rendered":"<p>Protectores de la Naturaleza2025 Convocamos a la presentaci\u00f3n de propuestas para premiar a aquellos individuos, empresas u organizaciones de la sociedad civil, de la Rep\u00fablica Argentina, que demuestren su compromiso con la preservaci\u00f3n del entorno natural de los Esteros del Iber\u00e1, a trav\u00e9s de acciones concretas. \u00a0 Bases y Condiciones [&hellip;]<\/p>","protected":false},"author":1,"featured_media":3265,"parent":0,"menu_order":0,"comment_status":"closed","ping_status":"closed","template":"","meta":{"footnotes":""},"_links":{"self":[{"href":"https:\/\/plan21.org\/en\/wp-json\/wp\/v2\/pages\/3248"}],"collection":[{"href":"https:\/\/plan21.org\/en\/wp-json\/wp\/v2\/pages"}],"about":[{"href":"https:\/\/plan21.org\/en\/wp-json\/wp\/v2\/types\/page"}],"author":[{"embeddable":true,"href":"https:\/\/plan21.org\/en\/wp-json\/wp\/v2\/users\/1"}],"replies":[{"embeddable":true,"href":"https:\/\/plan21.org\/en\/wp-json\/wp\/v2\/comments?post=3248"}],"version-history":[{"count":17,"href":"https:\/\/plan21.org\/en\/wp-json\/wp\/v2\/pages\/3248\/revisions"}],"predecessor-version":[{"id":5908,"href":"https:\/\/plan21.org\/en\/wp-json\/wp\/v2\/pages\/3248\/revisions\/5908"}],"wp:featuredmedia":[{"embeddable":true,"href":"https:\/\/plan21.org\/en\/wp-json\/wp\/v2\/media\/3265"}],"wp:attachment":[{"href":"https:\/\/plan21.org\/en\/wp-json\/wp\/v2\/media?parent=3248"}],"curies":[{"name":"wp","href":"https:\/\/api.w.org\/{rel}","templated":true}]}}