{"id":2700,"date":"2021-06-04T16:10:55","date_gmt":"2021-06-04T16:10:55","guid":{"rendered":"https:\/\/plan21.org\/?page_id=2700"},"modified":"2021-10-07T11:55:18","modified_gmt":"2021-10-07T11:55:18","slug":"boletines-mensuales-plan-21","status":"publish","type":"page","link":"https:\/\/plan21.org\/en\/boletines-mensuales-plan-21\/","title":{"rendered":"Boletines-Mensuales-Plan-21"},"content":{"rendered":"<div data-elementor-type=\"wp-page\" data-elementor-id=\"2700\" class=\"elementor elementor-2700\">\n\t\t\t\t\t\t<section class=\"elementor-section elementor-top-section elementor-element elementor-element-364df2c elementor-section-boxed elementor-section-height-default elementor-section-height-default\" data-id=\"364df2c\" data-element_type=\"section\">\n\t\t\t\t\t\t<div class=\"elementor-container elementor-column-gap-default\">\n\t\t\t\t\t<div class=\"elementor-column elementor-col-100 elementor-top-column elementor-element elementor-element-3b1456f\" data-id=\"3b1456f\" data-element_type=\"column\">\n\t\t\t<div class=\"elementor-widget-wrap elementor-element-populated\">\n\t\t\t\t\t\t<div class=\"elementor-element elementor-element-c365b39 elementor-widget elementor-widget-heading\" data-id=\"c365b39\" data-element_type=\"widget\" data-widget_type=\"heading.default\">\n\t\t\t\t<div class=\"elementor-widget-container\">\n\t\t\t<h2 class=\"elementor-heading-title elementor-size-default\">Archivo Boletines Mensuales Plan21<\/h2>\t\t<\/div>\n\t\t\t\t<\/div>\n\t\t\t\t<div class=\"elementor-element elementor-element-8db3056 elementor-widget elementor-widget-text-editor\" data-id=\"8db3056\" data-element_type=\"widget\" data-widget_type=\"text-editor.default\">\n\t\t\t\t<div class=\"elementor-widget-container\">\n\t\t\t\t\t\t\t<p>Acced\u00e9 a las ediciones de los meses anteriores de nuestro Bolet\u00edn Mensual.\u00a0<\/p><p>Podr\u00e1s visualizar y descargar los archivos.\u00a0<\/p>\t\t\t\t\t\t<\/div>\n\t\t\t\t<\/div>\n\t\t\t\t\t<\/div>\n\t\t<\/div>\n\t\t\t\t\t<\/div>\n\t\t<\/section>\n\t\t\t\t<section class=\"elementor-section elementor-top-section elementor-element elementor-element-f46a6ff elementor-section-boxed elementor-section-height-default elementor-section-height-default\" data-id=\"f46a6ff\" data-element_type=\"section\">\n\t\t\t\t\t\t<div class=\"elementor-container elementor-column-gap-default\">\n\t\t\t\t\t<div class=\"elementor-column elementor-col-100 elementor-top-column elementor-element elementor-element-34455e6\" data-id=\"34455e6\" data-element_type=\"column\">\n\t\t\t<div class=\"elementor-widget-wrap elementor-element-populated\">\n\t\t\t\t\t\t<div class=\"elementor-element elementor-element-0204abc elementor-widget-divider--view-line elementor-widget elementor-widget-divider\" data-id=\"0204abc\" data-element_type=\"widget\" data-widget_type=\"divider.default\">\n\t\t\t\t<div class=\"elementor-widget-container\">\n\t\t\t\t\t<div class=\"elementor-divider\">\n\t\t\t<span class=\"elementor-divider-separator\">\n\t\t\t\t\t\t<\/span>\n\t\t<\/div>\n\t\t\t\t<\/div>\n\t\t\t\t<\/div>\n\t\t\t\t\t<\/div>\n\t\t<\/div>\n\t\t\t\t\t<\/div>\n\t\t<\/section>\n\t\t\t\t<section class=\"elementor-section elementor-top-section elementor-element elementor-element-668b5fb elementor-section-boxed elementor-section-height-default elementor-section-height-default\" data-id=\"668b5fb\" data-element_type=\"section\">\n\t\t\t\t\t\t<div class=\"elementor-container elementor-column-gap-default\">\n\t\t\t\t\t<div class=\"elementor-column elementor-col-100 elementor-top-column elementor-element elementor-element-7383f94\" data-id=\"7383f94\" data-element_type=\"column\">\n\t\t\t<div class=\"elementor-widget-wrap elementor-element-populated\">\n\t\t\t\t\t\t<div class=\"elementor-element elementor-element-de7f019 elementor-widget elementor-widget-shortcode\" data-id=\"de7f019\" data-element_type=\"widget\" data-widget_type=\"shortcode.default\">\n\t\t\t\t<div class=\"elementor-widget-container\">\n\t\t\t\t\t<div class=\"elementor-shortcode\"><div class=\"su-custom-gallery su-custom-gallery-align-left su-custom-gallery-title-hover\"><div class=\"su-custom-gallery-slide\" style=\"width:250px;height:250px\"><a href=\"https:\/\/plan21.org\/wp-content\/uploads\/2021\/06\/Boletin-Mensual-No8-JUN.pdf\" target=\"_blank\" title=\"Bolet\u00edn-Mensual-8-JUNIO-2021-PLAN-21\"><img fetchpriority=\"high\" decoding=\"async\" src=\"https:\/\/plan21.org\/wp-content\/uploads\/2021\/06\/Boletin-Mensual-8-JUNIO-2021-PLAN-21-250x250.png\" alt=\"Bolet\u00edn-Mensual-8-JUNIO-2021-PLAN-21\" width=\"250\" height=\"250\" \/><span class=\"su-custom-gallery-title\">Bolet\u00edn-Mensual-8-JUNIO-2021-PLAN-21<\/span><\/a><\/div><div class=\"su-custom-gallery-slide\" style=\"width:250px;height:250px\"><a href=\"https:\/\/plan21.org\/wp-content\/uploads\/2021\/06\/Boletin-Mensual-No7-MAY.pdf\" target=\"_blank\" title=\"Bolet\u00edn-Mensual-7-MAYO-2021-PLAN-21\"><img decoding=\"async\" data-src=\"https:\/\/plan21.org\/wp-content\/uploads\/2021\/06\/Boletin-Mensual-7-MAYO-2021-PLAN-21-250x250.png\" alt=\"Bolet\u00edn-Mensual-7-MAYO-2021-PLAN-21\" width=\"250\" height=\"250\" src=\"data:image\/gif;base64,R0lGODlhAQABAAAAACH5BAEKAAEALAAAAAABAAEAAAICTAEAOw==\" class=\"lazyload\" style=\"--smush-placeholder-width: 250px; --smush-placeholder-aspect-ratio: 250\/250;\" \/><noscript><img decoding=\"async\" src=\"https:\/\/plan21.org\/wp-content\/uploads\/2021\/06\/Boletin-Mensual-7-MAYO-2021-PLAN-21-250x250.png\" alt=\"Bolet\u00edn-Mensual-7-MAYO-2021-PLAN-21\" width=\"250\" height=\"250\" \/><\/noscript><span class=\"su-custom-gallery-title\">Bolet\u00edn-Mensual-7-MAYO-2021-PLAN-21<\/span><\/a><\/div><div class=\"su-custom-gallery-slide\" style=\"width:250px;height:250px\"><a href=\"https:\/\/plan21.org\/wp-content\/uploads\/2021\/06\/Boletin-Mensual-No6-ABR.pdf\" target=\"_blank\" title=\"Bolet\u00edn-Mensual-6-ABRIL-2021-PLAN-21\"><img decoding=\"async\" data-src=\"https:\/\/plan21.org\/wp-content\/uploads\/2021\/06\/Boletin-Mensual-6-ABRIL-2021-PLAN-21-250x250.png\" alt=\"Bolet\u00edn-Mensual-6-ABRIL-2021-PLAN-21\" width=\"250\" height=\"250\" src=\"data:image\/gif;base64,R0lGODlhAQABAAAAACH5BAEKAAEALAAAAAABAAEAAAICTAEAOw==\" class=\"lazyload\" style=\"--smush-placeholder-width: 250px; --smush-placeholder-aspect-ratio: 250\/250;\" \/><noscript><img decoding=\"async\" src=\"https:\/\/plan21.org\/wp-content\/uploads\/2021\/06\/Boletin-Mensual-6-ABRIL-2021-PLAN-21-250x250.png\" alt=\"Bolet\u00edn-Mensual-6-ABRIL-2021-PLAN-21\" width=\"250\" height=\"250\" \/><\/noscript><span class=\"su-custom-gallery-title\">Bolet\u00edn-Mensual-6-ABRIL-2021-PLAN-21<\/span><\/a><\/div><div class=\"su-custom-gallery-slide\" style=\"width:250px;height:250px\"><a href=\"https:\/\/plan21.org\/wp-content\/uploads\/2021\/06\/Boletin-Mensual-No5-MAR-.pdf\" target=\"_blank\" title=\"Bolet\u00edn-Mensual-5-MARZO-2021-PLAN-21\"><img loading=\"lazy\" decoding=\"async\" data-src=\"https:\/\/plan21.org\/wp-content\/uploads\/2021\/06\/Boletin-Mensual-5-MARZO-2021-PLAN-21-250x250.png\" alt=\"Bolet\u00edn-Mensual-5-MARZO-2021-PLAN-21\" width=\"250\" height=\"250\" src=\"data:image\/gif;base64,R0lGODlhAQABAAAAACH5BAEKAAEALAAAAAABAAEAAAICTAEAOw==\" class=\"lazyload\" style=\"--smush-placeholder-width: 250px; --smush-placeholder-aspect-ratio: 250\/250;\" \/><noscript><img loading=\"lazy\" decoding=\"async\" src=\"https:\/\/plan21.org\/wp-content\/uploads\/2021\/06\/Boletin-Mensual-5-MARZO-2021-PLAN-21-250x250.png\" alt=\"Bolet\u00edn-Mensual-5-MARZO-2021-PLAN-21\" width=\"250\" height=\"250\" \/><\/noscript><span class=\"su-custom-gallery-title\">Bolet\u00edn-Mensual-5-MARZO-2021-PLAN-21<\/span><\/a><\/div><div class=\"su-custom-gallery-slide\" style=\"width:250px;height:250px\"><a href=\"https:\/\/plan21.org\/wp-content\/uploads\/2021\/02\/Boletin-Mensual-No4-FEB-.pdf\" target=\"_blank\" title=\"Bolet\u00edn-Mensual-4-FEBRERO-2021\"><img loading=\"lazy\" decoding=\"async\" data-src=\"https:\/\/plan21.org\/wp-content\/uploads\/2021\/02\/Boletin-Mensual-4-FEBRERO-2021-250x250.png\" alt=\"Bolet\u00edn-Mensual-4-FEBRERO-2021\" width=\"250\" height=\"250\" src=\"data:image\/gif;base64,R0lGODlhAQABAAAAACH5BAEKAAEALAAAAAABAAEAAAICTAEAOw==\" class=\"lazyload\" style=\"--smush-placeholder-width: 250px; --smush-placeholder-aspect-ratio: 250\/250;\" \/><noscript><img loading=\"lazy\" decoding=\"async\" src=\"https:\/\/plan21.org\/wp-content\/uploads\/2021\/02\/Boletin-Mensual-4-FEBRERO-2021-250x250.png\" alt=\"Bolet\u00edn-Mensual-4-FEBRERO-2021\" width=\"250\" height=\"250\" \/><\/noscript><span class=\"su-custom-gallery-title\">Bolet\u00edn-Mensual-4-FEBRERO-2021<\/span><\/a><\/div><div class=\"su-custom-gallery-slide\" style=\"width:250px;height:250px\"><a href=\"https:\/\/plan21.org\/wp-content\/uploads\/2021\/02\/Boletin-Mensual-No3-ENE.pdf\" target=\"_blank\" title=\"Bolet\u00edn-Mensual-3-ENERO-2021\"><img loading=\"lazy\" decoding=\"async\" data-src=\"https:\/\/plan21.org\/wp-content\/uploads\/2021\/02\/Boletin-Mensual-3-ENERO-2021-250x250.png\" alt=\"Bolet\u00edn-Mensual-3-ENERO-2021\" width=\"250\" height=\"250\" src=\"data:image\/gif;base64,R0lGODlhAQABAAAAACH5BAEKAAEALAAAAAABAAEAAAICTAEAOw==\" class=\"lazyload\" style=\"--smush-placeholder-width: 250px; --smush-placeholder-aspect-ratio: 250\/250;\" \/><noscript><img loading=\"lazy\" decoding=\"async\" src=\"https:\/\/plan21.org\/wp-content\/uploads\/2021\/02\/Boletin-Mensual-3-ENERO-2021-250x250.png\" alt=\"Bolet\u00edn-Mensual-3-ENERO-2021\" width=\"250\" height=\"250\" \/><\/noscript><span class=\"su-custom-gallery-title\">Bolet\u00edn-Mensual-3-ENERO-2021<\/span><\/a><\/div><div class=\"su-clear\"><\/div><\/div><\/div>\n\t\t\t\t<\/div>\n\t\t\t\t<\/div>\n\t\t\t\t<div class=\"elementor-element elementor-element-91097ab elementor-widget elementor-widget-spacer\" data-id=\"91097ab\" data-element_type=\"widget\" data-widget_type=\"spacer.default\">\n\t\t\t\t<div class=\"elementor-widget-container\">\n\t\t\t\t\t<div class=\"elementor-spacer\">\n\t\t\t<div class=\"elementor-spacer-inner\"><\/div>\n\t\t<\/div>\n\t\t\t\t<\/div>\n\t\t\t\t<\/div>\n\t\t\t\t\t<\/div>\n\t\t<\/div>\n\t\t\t\t\t<\/div>\n\t\t<\/section>\n\t\t\t\t<section class=\"elementor-section elementor-top-section elementor-element elementor-element-1a6dd59 elementor-section-boxed elementor-section-height-default elementor-section-height-default\" data-id=\"1a6dd59\" data-element_type=\"section\">\n\t\t\t\t\t\t<div class=\"elementor-container elementor-column-gap-default\">\n\t\t\t\t\t<div class=\"elementor-column elementor-col-100 elementor-top-column elementor-element elementor-element-18a0d48\" data-id=\"18a0d48\" data-element_type=\"column\">\n\t\t\t<div class=\"elementor-widget-wrap elementor-element-populated\">\n\t\t\t\t\t\t<div class=\"elementor-element elementor-element-c4036d8 elementor-widget elementor-widget-heading\" data-id=\"c4036d8\" data-element_type=\"widget\" data-widget_type=\"heading.default\">\n\t\t\t\t<div class=\"elementor-widget-container\">\n\t\t\t<h2 class=\"elementor-heading-title elementor-size-default\">\u00bfAun no te suscribiste?<\/h2>\t\t<\/div>\n\t\t\t\t<\/div>\n\t\t\t\t<div class=\"elementor-element elementor-element-85961eb elementor-widget elementor-widget-text-editor\" data-id=\"85961eb\" data-element_type=\"widget\" data-widget_type=\"text-editor.default\">\n\t\t\t\t<div class=\"elementor-widget-container\">\n\t\t\t\t\t\t\t<p>Dejanos tu mail para que te hagamos llegar nuestro bolet\u00edn cada mes.<\/p>\t\t\t\t\t\t<\/div>\n\t\t\t\t<\/div>\n\t\t\t\t<section class=\"elementor-section elementor-inner-section elementor-element elementor-element-80db17e elementor-section-boxed elementor-section-height-default elementor-section-height-default\" data-id=\"80db17e\" data-element_type=\"section\">\n\t\t\t\t\t\t<div class=\"elementor-container elementor-column-gap-default\">\n\t\t\t\t\t<div class=\"elementor-column elementor-col-33 elementor-inner-column elementor-element elementor-element-d8bc55c\" data-id=\"d8bc55c\" data-element_type=\"column\">\n\t\t\t<div class=\"elementor-widget-wrap elementor-element-populated\">\n\t\t\t\t\t\t<div class=\"elementor-element elementor-element-585f66e elementor-widget elementor-widget-spacer\" data-id=\"585f66e\" data-element_type=\"widget\" data-widget_type=\"spacer.default\">\n\t\t\t\t<div class=\"elementor-widget-container\">\n\t\t\t\t\t<div class=\"elementor-spacer\">\n\t\t\t<div class=\"elementor-spacer-inner\"><\/div>\n\t\t<\/div>\n\t\t\t\t<\/div>\n\t\t\t\t<\/div>\n\t\t\t\t\t<\/div>\n\t\t<\/div>\n\t\t\t\t<div class=\"elementor-column elementor-col-33 elementor-inner-column elementor-element elementor-element-bbf797d\" data-id=\"bbf797d\" data-element_type=\"column\">\n\t\t\t<div class=\"elementor-widget-wrap elementor-element-populated\">\n\t\t\t\t\t\t<div class=\"elementor-element elementor-element-2908709 elementor-widget elementor-widget-shortcode\" data-id=\"2908709\" data-element_type=\"widget\" data-widget_type=\"shortcode.default\">\n\t\t\t\t<div class=\"elementor-widget-container\">\n\t\t\t\t\t<div class=\"elementor-shortcode\"><\/div>\n\t\t\t\t<\/div>\n\t\t\t\t<\/div>\n\t\t\t\t\t<\/div>\n\t\t<\/div>\n\t\t\t\t<div class=\"elementor-column elementor-col-33 elementor-inner-column elementor-element elementor-element-eb63dcb\" data-id=\"eb63dcb\" data-element_type=\"column\">\n\t\t\t<div class=\"elementor-widget-wrap elementor-element-populated\">\n\t\t\t\t\t\t<div class=\"elementor-element elementor-element-d622168 elementor-widget elementor-widget-spacer\" data-id=\"d622168\" data-element_type=\"widget\" data-widget_type=\"spacer.default\">\n\t\t\t\t<div class=\"elementor-widget-container\">\n\t\t\t\t\t<div class=\"elementor-spacer\">\n\t\t\t<div class=\"elementor-spacer-inner\"><\/div>\n\t\t<\/div>\n\t\t\t\t<\/div>\n\t\t\t\t<\/div>\n\t\t\t\t\t<\/div>\n\t\t<\/div>\n\t\t\t\t\t<\/div>\n\t\t<\/section>\n\t\t\t\t<div class=\"elementor-element elementor-element-7231f1d elementor-widget elementor-widget-spacer\" data-id=\"7231f1d\" data-element_type=\"widget\" data-widget_type=\"spacer.default\">\n\t\t\t\t<div class=\"elementor-widget-container\">\n\t\t\t\t\t<div class=\"elementor-spacer\">\n\t\t\t<div class=\"elementor-spacer-inner\"><\/div>\n\t\t<\/div>\n\t\t\t\t<\/div>\n\t\t\t\t<\/div>\n\t\t\t\t\t<\/div>\n\t\t<\/div>\n\t\t\t\t\t<\/div>\n\t\t<\/section>\n\t\t\t\t<\/div>","protected":false},"excerpt":{"rendered":"<p>Archivo Boletines Mensuales Plan21 Acced\u00e9 a las ediciones de los meses anteriores de nuestro Bolet\u00edn Mensual. Podr\u00e1s visualizar y descargar los archivos. \u00bfAun no te suscribiste? Dejanos tu mail para que te hagamos llegar nuestro bolet\u00edn cada mes.<\/p>","protected":false},"author":2,"featured_media":0,"parent":0,"menu_order":0,"comment_status":"closed","ping_status":"closed","template":"page-templates\/template-pagebuilder-full-width.php","meta":{"footnotes":""},"_links":{"self":[{"href":"https:\/\/plan21.org\/en\/wp-json\/wp\/v2\/pages\/2700"}],"collection":[{"href":"https:\/\/plan21.org\/en\/wp-json\/wp\/v2\/pages"}],"about":[{"href":"https:\/\/plan21.org\/en\/wp-json\/wp\/v2\/types\/page"}],"author":[{"embeddable":true,"href":"https:\/\/plan21.org\/en\/wp-json\/wp\/v2\/users\/2"}],"replies":[{"embeddable":true,"href":"https:\/\/plan21.org\/en\/wp-json\/wp\/v2\/comments?post=2700"}],"version-history":[{"count":12,"href":"https:\/\/plan21.org\/en\/wp-json\/wp\/v2\/pages\/2700\/revisions"}],"predecessor-version":[{"id":2890,"href":"https:\/\/plan21.org\/en\/wp-json\/wp\/v2\/pages\/2700\/revisions\/2890"}],"wp:attachment":[{"href":"https:\/\/plan21.org\/en\/wp-json\/wp\/v2\/media?parent=2700"}],"curies":[{"name":"wp","href":"https:\/\/api.w.org\/{rel}","templated":true}]}}