{"id":164,"date":"2017-11-03T15:04:29","date_gmt":"2017-11-03T15:04:29","guid":{"rendered":"http:\/\/wp.plan21.org\/?page_id=164"},"modified":"2024-04-28T14:38:51","modified_gmt":"2024-04-28T14:38:51","slug":"carbonocero","status":"publish","type":"page","link":"https:\/\/plan21.org\/en\/carbonocero\/","title":{"rendered":"Carbonocero (Carbon zero)"},"content":{"rendered":"<div data-elementor-type=\"wp-post\" data-elementor-id=\"164\" class=\"elementor elementor-164\">\n\t\t\t\t\t\t<section class=\"elementor-section elementor-top-section elementor-element elementor-element-35bce50 elementor-section-full_width elementor-section-height-default elementor-section-height-default\" data-id=\"35bce50\" data-element_type=\"section\" data-settings=\"{&quot;background_background&quot;:&quot;classic&quot;}\">\n\t\t\t\t\t\t<div class=\"elementor-container elementor-column-gap-default\">\n\t\t\t\t\t<div class=\"elementor-column elementor-col-100 elementor-top-column elementor-element elementor-element-bd810fd\" data-id=\"bd810fd\" data-element_type=\"column\">\n\t\t\t<div class=\"elementor-widget-wrap elementor-element-populated\">\n\t\t\t\t\t\t<div class=\"elementor-element elementor-element-c978fe8 elementor-widget elementor-widget-heading\" data-id=\"c978fe8\" data-element_type=\"widget\" data-widget_type=\"heading.default\">\n\t\t\t\t<div class=\"elementor-widget-container\">\n\t\t\t<h1 class=\"elementor-heading-title elementor-size-small\">Objective<\/h1>\t\t<\/div>\n\t\t\t\t<\/div>\n\t\t\t\t<div class=\"elementor-element elementor-element-1dd496d elementor-widget elementor-widget-text-editor\" data-id=\"1dd496d\" data-element_type=\"widget\" data-widget_type=\"text-editor.default\">\n\t\t\t\t<div class=\"elementor-widget-container\">\n\t\t\t\t\t\t\t<h3 style=\"text-align: center;\"><span style=\"color: #ffffff;\">\u00a0<\/span><\/h3><h4 style=\"text-align: center;\">A Program designed to disseminate the problem of Climate Change and offer responsible companies and citizens the possibility of calculating and offsetting their carbon footprint and certifying \u201cClimate Friendly\u201d products.<\/h4>\t\t\t\t\t\t<\/div>\n\t\t\t\t<\/div>\n\t\t\t\t\t<\/div>\n\t\t<\/div>\n\t\t\t\t\t<\/div>\n\t\t<\/section>\n\t\t\t\t<section class=\"elementor-section elementor-top-section elementor-element elementor-element-74bce986 elementor-section-content-middle elementor-reverse-mobile elementor-section-boxed elementor-section-height-default elementor-section-height-default\" data-id=\"74bce986\" data-element_type=\"section\">\n\t\t\t\t\t\t<div class=\"elementor-container elementor-column-gap-default\">\n\t\t\t\t\t<div class=\"elementor-column elementor-col-50 elementor-top-column elementor-element elementor-element-1e55bb21\" data-id=\"1e55bb21\" data-element_type=\"column\">\n\t\t\t<div class=\"elementor-widget-wrap elementor-element-populated\">\n\t\t\t\t\t\t<div class=\"elementor-element elementor-element-54dad4d9 elementor-widget elementor-widget-image\" data-id=\"54dad4d9\" data-element_type=\"widget\" data-widget_type=\"image.default\">\n\t\t\t\t<div class=\"elementor-widget-container\">\n\t\t\t\t\t\t\t\t\t\t\t\t\t\t<a href=\"https:\/\/carbonocero.org\" target=\"_blank\">\n\t\t\t\t\t\t\t<img fetchpriority=\"high\" decoding=\"async\" width=\"750\" height=\"629\" src=\"https:\/\/plan21.org\/wp-content\/uploads\/2018\/10\/Alianza-IBM-Plan21.jpg\" class=\"attachment-medium_large size-medium_large wp-image-791\" alt=\"\" \/>\t\t\t\t\t\t\t\t<\/a>\n\t\t\t\t\t\t\t\t\t\t\t\t\t<\/div>\n\t\t\t\t<\/div>\n\t\t\t\t\t<\/div>\n\t\t<\/div>\n\t\t\t\t<div class=\"elementor-column elementor-col-50 elementor-top-column elementor-element elementor-element-c4a5419\" data-id=\"c4a5419\" data-element_type=\"column\">\n\t\t\t<div class=\"elementor-widget-wrap elementor-element-populated\">\n\t\t\t\t\t\t<div class=\"elementor-element elementor-element-309c6a38 elementor-widget elementor-widget-heading\" data-id=\"309c6a38\" data-element_type=\"widget\" data-widget_type=\"heading.default\">\n\t\t\t\t<div class=\"elementor-widget-container\">\n\t\t\t<h3 class=\"elementor-heading-title elementor-size-large\"><a href=\"https:\/\/carbonocero.org\" target=\"_blank\">Technology Against Climate Change<\/a><\/h3>\t\t<\/div>\n\t\t\t\t<\/div>\n\t\t\t\t<div class=\"elementor-element elementor-element-154e6050 elementor-widget elementor-widget-text-editor\" data-id=\"154e6050\" data-element_type=\"widget\" data-widget_type=\"text-editor.default\">\n\t\t\t\t<div class=\"elementor-widget-container\">\n\t\t\t\t\t\t\t<p>Since 2014, Plan21 has been working with IBM from Argentina to develop mobile applications to measure the carbon footprint.<\/p><p>\u00a0<\/p>\t\t\t\t\t\t<\/div>\n\t\t\t\t<\/div>\n\t\t\t\t\t<\/div>\n\t\t<\/div>\n\t\t\t\t\t<\/div>\n\t\t<\/section>\n\t\t\t\t<section class=\"elementor-section elementor-top-section elementor-element elementor-element-ddc40dc elementor-section-content-middle elementor-section-boxed elementor-section-height-default elementor-section-height-default\" data-id=\"ddc40dc\" data-element_type=\"section\" data-settings=\"{&quot;background_background&quot;:&quot;classic&quot;}\">\n\t\t\t\t\t\t<div class=\"elementor-container elementor-column-gap-default\">\n\t\t\t\t\t<div class=\"elementor-column elementor-col-50 elementor-top-column elementor-element elementor-element-f80ffa9\" data-id=\"f80ffa9\" data-element_type=\"column\">\n\t\t\t<div class=\"elementor-widget-wrap elementor-element-populated\">\n\t\t\t\t\t\t<div class=\"elementor-element elementor-element-0f505e5 elementor-widget elementor-widget-heading\" data-id=\"0f505e5\" data-element_type=\"widget\" data-widget_type=\"heading.default\">\n\t\t\t\t<div class=\"elementor-widget-container\">\n\t\t\t<h3 class=\"elementor-heading-title elementor-size-large\"><a href=\"http:\/\/carbonocero.org\/sello-carbonocero\/\" target=\"_blank\">Carbon Zero Label<\/a><\/h3>\t\t<\/div>\n\t\t\t\t<\/div>\n\t\t\t\t<div class=\"elementor-element elementor-element-33a1478 elementor-widget elementor-widget-text-editor\" data-id=\"33a1478\" data-element_type=\"widget\" data-widget_type=\"text-editor.default\">\n\t\t\t\t<div class=\"elementor-widget-container\">\n\t\t\t\t\t\t\t<p>Requirements to demonstrate commitment to reducing greenhouse gas emissions, raising awareness and supporting initiatives related to the fight against Climate Change<\/p>\t\t\t\t\t\t<\/div>\n\t\t\t\t<\/div>\n\t\t\t\t\t<\/div>\n\t\t<\/div>\n\t\t\t\t<div class=\"elementor-column elementor-col-50 elementor-top-column elementor-element elementor-element-1fa1e64\" data-id=\"1fa1e64\" data-element_type=\"column\">\n\t\t\t<div class=\"elementor-widget-wrap elementor-element-populated\">\n\t\t\t\t\t\t<div class=\"elementor-element elementor-element-34e5803 elementor-widget elementor-widget-image\" data-id=\"34e5803\" data-element_type=\"widget\" data-widget_type=\"image.default\">\n\t\t\t\t<div class=\"elementor-widget-container\">\n\t\t\t\t\t\t\t\t\t\t\t\t\t\t<a href=\"http:\/\/carbonocero.org\/sello-carbonocero\/\" target=\"_blank\">\n\t\t\t\t\t\t\t<img decoding=\"async\" width=\"220\" height=\"300\" data-src=\"https:\/\/plan21.org\/wp-content\/uploads\/2019\/09\/Carbono-0-Certificado-verde-borde-scaled.jpg\" class=\"attachment-medium size-medium wp-image-1155 lazyload\" alt=\"\" src=\"data:image\/gif;base64,R0lGODlhAQABAAAAACH5BAEKAAEALAAAAAABAAEAAAICTAEAOw==\" style=\"--smush-placeholder-width: 220px; --smush-placeholder-aspect-ratio: 220\/300;\" \/><noscript><img decoding=\"async\" width=\"220\" height=\"300\" src=\"https:\/\/plan21.org\/wp-content\/uploads\/2019\/09\/Carbono-0-Certificado-verde-borde-scaled.jpg\" class=\"attachment-medium size-medium wp-image-1155\" alt=\"\" \/><\/noscript>\t\t\t\t\t\t\t\t<\/a>\n\t\t\t\t\t\t\t\t\t\t\t\t\t<\/div>\n\t\t\t\t<\/div>\n\t\t\t\t\t<\/div>\n\t\t<\/div>\n\t\t\t\t\t<\/div>\n\t\t<\/section>\n\t\t\t\t<section class=\"elementor-section elementor-top-section elementor-element elementor-element-53098901 elementor-section-content-middle elementor-reverse-mobile elementor-section-boxed elementor-section-height-default elementor-section-height-default\" data-id=\"53098901\" data-element_type=\"section\">\n\t\t\t\t\t\t<div class=\"elementor-container elementor-column-gap-default\">\n\t\t\t\t\t<div class=\"elementor-column elementor-col-50 elementor-top-column elementor-element elementor-element-73a3e074\" data-id=\"73a3e074\" data-element_type=\"column\">\n\t\t\t<div class=\"elementor-widget-wrap elementor-element-populated\">\n\t\t\t\t\t\t<div class=\"elementor-element elementor-element-76a266f4 elementor-widget elementor-widget-image\" data-id=\"76a266f4\" data-element_type=\"widget\" data-widget_type=\"image.default\">\n\t\t\t\t<div class=\"elementor-widget-container\">\n\t\t\t\t\t\t\t\t\t\t\t\t\t\t<a href=\"http:\/\/ibm.biz\/Carbonocero-Android\" target=\"_blank\">\n\t\t\t\t\t\t\t<img decoding=\"async\" width=\"576\" height=\"1024\" data-src=\"https:\/\/plan21.org\/wp-content\/uploads\/2019\/09\/03-576x1024.png\" class=\"attachment-large size-large wp-image-1225 lazyload\" alt=\"\" data-srcset=\"https:\/\/plan21.org\/wp-content\/uploads\/2019\/09\/03-576x1024.png 576w, https:\/\/plan21.org\/wp-content\/uploads\/2019\/09\/03-600x1067.png 600w, https:\/\/plan21.org\/wp-content\/uploads\/2019\/09\/03-169x300.png 169w, https:\/\/plan21.org\/wp-content\/uploads\/2019\/09\/03-768x1365.png 768w, https:\/\/plan21.org\/wp-content\/uploads\/2019\/09\/03.png 1080w\" data-sizes=\"(max-width: 576px) 100vw, 576px\" src=\"data:image\/gif;base64,R0lGODlhAQABAAAAACH5BAEKAAEALAAAAAABAAEAAAICTAEAOw==\" style=\"--smush-placeholder-width: 576px; --smush-placeholder-aspect-ratio: 576\/1024;\" \/><noscript><img decoding=\"async\" width=\"576\" height=\"1024\" src=\"https:\/\/plan21.org\/wp-content\/uploads\/2019\/09\/03-576x1024.png\" class=\"attachment-large size-large wp-image-1225\" alt=\"\" srcset=\"https:\/\/plan21.org\/wp-content\/uploads\/2019\/09\/03-576x1024.png 576w, https:\/\/plan21.org\/wp-content\/uploads\/2019\/09\/03-600x1067.png 600w, https:\/\/plan21.org\/wp-content\/uploads\/2019\/09\/03-169x300.png 169w, https:\/\/plan21.org\/wp-content\/uploads\/2019\/09\/03-768x1365.png 768w, https:\/\/plan21.org\/wp-content\/uploads\/2019\/09\/03.png 1080w\" sizes=\"(max-width: 576px) 100vw, 576px\" \/><\/noscript>\t\t\t\t\t\t\t\t<\/a>\n\t\t\t\t\t\t\t\t\t\t\t\t\t<\/div>\n\t\t\t\t<\/div>\n\t\t\t\t\t<\/div>\n\t\t<\/div>\n\t\t\t\t<div class=\"elementor-column elementor-col-50 elementor-top-column elementor-element elementor-element-7528294b\" data-id=\"7528294b\" data-element_type=\"column\">\n\t\t\t<div class=\"elementor-widget-wrap elementor-element-populated\">\n\t\t\t\t\t\t<div class=\"elementor-element elementor-element-7244e150 elementor-widget elementor-widget-heading\" data-id=\"7244e150\" data-element_type=\"widget\" data-widget_type=\"heading.default\">\n\t\t\t\t<div class=\"elementor-widget-container\">\n\t\t\t<h3 class=\"elementor-heading-title elementor-size-large\"><a href=\"http:\/\/ibm.biz\/Carbonocero-Android\" target=\"_blank\">Android App<\/a><\/h3>\t\t<\/div>\n\t\t\t\t<\/div>\n\t\t\t\t<div class=\"elementor-element elementor-element-6af868d0 elementor-widget elementor-widget-text-editor\" data-id=\"6af868d0\" data-element_type=\"widget\" data-widget_type=\"text-editor.default\">\n\t\t\t\t<div class=\"elementor-widget-container\">\n\t\t\t\t\t\t\t<p>App to calculate and offset the Carbon Footprint in air travel developed by IBM Volunteers from Argentina to the World.<\/p>\t\t\t\t\t\t<\/div>\n\t\t\t\t<\/div>\n\t\t\t\t<div class=\"elementor-element elementor-element-1985c52 elementor-widget elementor-widget-image\" data-id=\"1985c52\" data-element_type=\"widget\" data-widget_type=\"image.default\">\n\t\t\t\t<div class=\"elementor-widget-container\">\n\t\t\t\t\t\t\t\t\t\t\t\t\t<img loading=\"lazy\" decoding=\"async\" width=\"100\" height=\"100\" data-src=\"https:\/\/plan21.org\/wp-content\/uploads\/2021\/06\/Carbonocero-Android-100x100.png\" class=\"attachment-thumbnail size-thumbnail wp-image-2639 lazyload\" alt=\"\" data-srcset=\"https:\/\/plan21.org\/wp-content\/uploads\/2021\/06\/Carbonocero-Android-100x100.png 100w, https:\/\/plan21.org\/wp-content\/uploads\/2021\/06\/Carbonocero-Android-300x300.png 300w, https:\/\/plan21.org\/wp-content\/uploads\/2021\/06\/Carbonocero-Android-12x12.png 12w, https:\/\/plan21.org\/wp-content\/uploads\/2021\/06\/Carbonocero-Android.png 396w\" data-sizes=\"(max-width: 100px) 100vw, 100px\" src=\"data:image\/gif;base64,R0lGODlhAQABAAAAACH5BAEKAAEALAAAAAABAAEAAAICTAEAOw==\" style=\"--smush-placeholder-width: 100px; --smush-placeholder-aspect-ratio: 100\/100;\" \/><noscript><img loading=\"lazy\" decoding=\"async\" width=\"100\" height=\"100\" src=\"https:\/\/plan21.org\/wp-content\/uploads\/2021\/06\/Carbonocero-Android-100x100.png\" class=\"attachment-thumbnail size-thumbnail wp-image-2639\" alt=\"\" srcset=\"https:\/\/plan21.org\/wp-content\/uploads\/2021\/06\/Carbonocero-Android-100x100.png 100w, https:\/\/plan21.org\/wp-content\/uploads\/2021\/06\/Carbonocero-Android-300x300.png 300w, https:\/\/plan21.org\/wp-content\/uploads\/2021\/06\/Carbonocero-Android-12x12.png 12w, https:\/\/plan21.org\/wp-content\/uploads\/2021\/06\/Carbonocero-Android.png 396w\" sizes=\"(max-width: 100px) 100vw, 100px\" \/><\/noscript>\t\t\t\t\t\t\t\t\t\t\t\t\t<\/div>\n\t\t\t\t<\/div>\n\t\t\t\t\t<\/div>\n\t\t<\/div>\n\t\t\t\t\t<\/div>\n\t\t<\/section>\n\t\t\t\t<\/div>","protected":false},"excerpt":{"rendered":"<p>Objetivo \u00a0 Difundir la problem\u00e1tica del Cambio Clim\u00e1tico y ofrecer a las empresas y ciudadanos responsables la posibilidad de calcular y compensar su huella de carbono y certificar productos &#8220;Climate Friendly&#8221;. Tecnolog\u00eda contra el Cambio Clim\u00e1tico Desde el a\u00f1o 2014 Plan21 viene trabajando con IBM de Argentina para el desarrollo [&hellip;]<\/p>","protected":false},"author":1,"featured_media":2734,"parent":0,"menu_order":0,"comment_status":"closed","ping_status":"closed","template":"page-templates\/template-fullwidth.php","meta":{"footnotes":""},"_links":{"self":[{"href":"https:\/\/plan21.org\/en\/wp-json\/wp\/v2\/pages\/164"}],"collection":[{"href":"https:\/\/plan21.org\/en\/wp-json\/wp\/v2\/pages"}],"about":[{"href":"https:\/\/plan21.org\/en\/wp-json\/wp\/v2\/types\/page"}],"author":[{"embeddable":true,"href":"https:\/\/plan21.org\/en\/wp-json\/wp\/v2\/users\/1"}],"replies":[{"embeddable":true,"href":"https:\/\/plan21.org\/en\/wp-json\/wp\/v2\/comments?post=164"}],"version-history":[{"count":66,"href":"https:\/\/plan21.org\/en\/wp-json\/wp\/v2\/pages\/164\/revisions"}],"predecessor-version":[{"id":3225,"href":"https:\/\/plan21.org\/en\/wp-json\/wp\/v2\/pages\/164\/revisions\/3225"}],"wp:featuredmedia":[{"embeddable":true,"href":"https:\/\/plan21.org\/en\/wp-json\/wp\/v2\/media\/2734"}],"wp:attachment":[{"href":"https:\/\/plan21.org\/en\/wp-json\/wp\/v2\/media?parent=164"}],"curies":[{"name":"wp","href":"https:\/\/api.w.org\/{rel}","templated":true}]}}