{"id":1619,"date":"2020-12-14T16:33:23","date_gmt":"2020-12-14T16:33:23","guid":{"rendered":"http:\/\/plan21.org\/?page_id=1619"},"modified":"2021-06-12T16:44:05","modified_gmt":"2021-06-12T16:44:05","slug":"suscripcion-al-boletin-mensual","status":"publish","type":"page","link":"https:\/\/plan21.org\/en\/suscripcion-al-boletin-mensual\/","title":{"rendered":"Suscripci\u00f3n al Bolet\u00edn Mensual"},"content":{"rendered":"<p style=\"text-align: center;\">\u00a1Hola!<\/p>\r\n<p style=\"text-align: center;\">Si quer\u00e9s formar parte de nuestra lista de correos para recibir nuestro <strong>Bolet\u00edn Mensual<\/strong> con todas las noticias del mundo de la sostenibilidad y conocer en qu\u00e9 estamos trabajando, solo ten\u00e9s que completar estos datos:\u00a0<\/p>\r\n\r\n\r\n\r\n<div class=\"wp-block-contact-form-7-contact-form-selector\"><span><\/span><\/div>\r\n<div><\/div>\r\n<div><\/div>","protected":false},"excerpt":{"rendered":"<p>\u00a1Hola! Si quer\u00e9s formar parte de nuestra lista de correos para recibir nuestro Bolet\u00edn Mensual con todas las noticias del mundo de la sostenibilidad y conocer en qu\u00e9 estamos trabajando, solo ten\u00e9s que completar estos datos:\u00a0<\/p>","protected":false},"author":2,"featured_media":2790,"parent":0,"menu_order":0,"comment_status":"closed","ping_status":"closed","template":"","meta":{"footnotes":""},"_links":{"self":[{"href":"https:\/\/plan21.org\/en\/wp-json\/wp\/v2\/pages\/1619"}],"collection":[{"href":"https:\/\/plan21.org\/en\/wp-json\/wp\/v2\/pages"}],"about":[{"href":"https:\/\/plan21.org\/en\/wp-json\/wp\/v2\/types\/page"}],"author":[{"embeddable":true,"href":"https:\/\/plan21.org\/en\/wp-json\/wp\/v2\/users\/2"}],"replies":[{"embeddable":true,"href":"https:\/\/plan21.org\/en\/wp-json\/wp\/v2\/comments?post=1619"}],"version-history":[{"count":6,"href":"https:\/\/plan21.org\/en\/wp-json\/wp\/v2\/pages\/1619\/revisions"}],"predecessor-version":[{"id":2501,"href":"https:\/\/plan21.org\/en\/wp-json\/wp\/v2\/pages\/1619\/revisions\/2501"}],"wp:featuredmedia":[{"embeddable":true,"href":"https:\/\/plan21.org\/en\/wp-json\/wp\/v2\/media\/2790"}],"wp:attachment":[{"href":"https:\/\/plan21.org\/en\/wp-json\/wp\/v2\/media?parent=1619"}],"curies":[{"name":"wp","href":"https:\/\/api.w.org\/{rel}","templated":true}]}}